{"id":8,"date":"2014-02-26T17:41:44","date_gmt":"2014-02-26T22:41:44","guid":{"rendered":"https:\/\/communist-party.ca\/?page_id=8"},"modified":"2025-07-11T11:34:23","modified_gmt":"2025-07-11T15:34:23","slug":"party-program","status":"publish","type":"page","link":"https:\/\/communist-party.ca\/fr\/party-program\/","title":{"rendered":"Notre programme"},"content":{"rendered":"<style>.kadence-column8_8a11c5-07 > .kt-inside-inner-col,.kadence-column8_8a11c5-07 > .kt-inside-inner-col:before{border-top-left-radius:0px;border-top-right-radius:0px;border-bottom-right-radius:0px;border-bottom-left-radius:0px;}.kadence-column8_8a11c5-07 > .kt-inside-inner-col{column-gap:var(--global-kb-gap-sm, 1rem);}.kadence-column8_8a11c5-07 > .kt-inside-inner-col{flex-direction:column;}.kadence-column8_8a11c5-07 > .kt-inside-inner-col > .aligncenter{width:100%;}.kadence-column8_8a11c5-07 > .kt-inside-inner-col:before{opacity:0.3;}.kadence-column8_8a11c5-07{text-align:center;}.kadence-column8_8a11c5-07{position:relative;}.kadence-column8_8a11c5-07, .kt-inside-inner-col > .kadence-column8_8a11c5-07:not(.specificity){margin-bottom:var(--global-kb-spacing-sm, 1.5rem);}@media all and (max-width: 1024px){.kadence-column8_8a11c5-07 > .kt-inside-inner-col{flex-direction:column;justify-content:center;}}@media all and (max-width: 767px){.kadence-column8_8a11c5-07 > .kt-inside-inner-col{flex-direction:column;justify-content:center;}}<\/style>\n<div class=\"wp-block-kadence-column kadence-column8_8a11c5-07 kb-section-dir-vertical\"><div class=\"kt-inside-inner-col\"><style>.wp-block-kadence-advancedheading.kt-adv-heading8_87a84b-6c, .wp-block-kadence-advancedheading.kt-adv-heading8_87a84b-6c[data-kb-block=\"kb-adv-heading8_87a84b-6c\"]{font-size:3rem;font-weight:bold;font-style:normal;}.wp-block-kadence-advancedheading.kt-adv-heading8_87a84b-6c mark.kt-highlight, .wp-block-kadence-advancedheading.kt-adv-heading8_87a84b-6c[data-kb-block=\"kb-adv-heading8_87a84b-6c\"] mark.kt-highlight{font-style:normal;color:#f76a0c;-webkit-box-decoration-break:clone;box-decoration-break:clone;padding-top:0px;padding-right:0px;padding-bottom:0px;padding-left:0px;}.wp-block-kadence-advancedheading.kt-adv-heading8_87a84b-6c img.kb-inline-image, .wp-block-kadence-advancedheading.kt-adv-heading8_87a84b-6c[data-kb-block=\"kb-adv-heading8_87a84b-6c\"] img.kb-inline-image{width:150px;vertical-align:baseline;}<\/style>\n<h2 class=\"kt-adv-heading8_87a84b-6c wp-block-kadence-advancedheading\" data-kb-block=\"kb-adv-heading8_87a84b-6c\">Canada\u2019s Future is Socialism!<\/h2>\n\n\n<style>.wp-block-kadence-advancedheading.kt-adv-heading8_ada0f4-83, .wp-block-kadence-advancedheading.kt-adv-heading8_ada0f4-83[data-kb-block=\"kb-adv-heading8_ada0f4-83\"]{font-style:normal;}.wp-block-kadence-advancedheading.kt-adv-heading8_ada0f4-83 mark.kt-highlight, .wp-block-kadence-advancedheading.kt-adv-heading8_ada0f4-83[data-kb-block=\"kb-adv-heading8_ada0f4-83\"] mark.kt-highlight{font-style:normal;color:#f76a0c;-webkit-box-decoration-break:clone;box-decoration-break:clone;padding-top:0px;padding-right:0px;padding-bottom:0px;padding-left:0px;}.wp-block-kadence-advancedheading.kt-adv-heading8_ada0f4-83 img.kb-inline-image, .wp-block-kadence-advancedheading.kt-adv-heading8_ada0f4-83[data-kb-block=\"kb-adv-heading8_ada0f4-83\"] img.kb-inline-image{width:150px;vertical-align:baseline;}<\/style>\n<h3 class=\"kt-adv-heading8_ada0f4-83 wp-block-kadence-advancedheading\" data-kb-block=\"kb-adv-heading8_ada0f4-83\">Program of the Communist Party of Canada<\/h3>\n<\/div><\/div>\n\n\n<style>.kadence-column8_dc0b86-8f > .kt-inside-inner-col{display:flex;}.kadence-column8_dc0b86-8f > .kt-inside-inner-col,.kadence-column8_dc0b86-8f > .kt-inside-inner-col:before{border-top-left-radius:0px;border-top-right-radius:0px;border-bottom-right-radius:0px;border-bottom-left-radius:0px;}.kadence-column8_dc0b86-8f > .kt-inside-inner-col{column-gap:var(--global-kb-gap-sm, 1rem);}.kadence-column8_dc0b86-8f > .kt-inside-inner-col{flex-direction:column;align-items:flex-start;}.kadence-column8_dc0b86-8f > .kt-inside-inner-col > .kb-image-is-ratio-size{align-self:stretch;}.kadence-column8_dc0b86-8f > .kt-inside-inner-col > .wp-block-kadence-advancedgallery{align-self:stretch;}.kadence-column8_dc0b86-8f > .kt-inside-inner-col > .aligncenter{width:100%;}.kadence-column8_dc0b86-8f > .kt-inside-inner-col:before{opacity:0.3;}.kadence-column8_dc0b86-8f{position:relative;}@media all and (max-width: 1024px){.kadence-column8_dc0b86-8f > .kt-inside-inner-col{flex-direction:column;justify-content:center;align-items:flex-start;}}@media all and (max-width: 767px){.kadence-column8_dc0b86-8f > .kt-inside-inner-col{flex-direction:column;justify-content:center;align-items:flex-start;}}<\/style>\n<div class=\"wp-block-kadence-column kadence-column8_dc0b86-8f\"><div class=\"kt-inside-inner-col\"><style>.kadence-column8_b8e5e3-ea > .kt-inside-inner-col,.kadence-column8_b8e5e3-ea > .kt-inside-inner-col:before{border-top-left-radius:0px;border-top-right-radius:0px;border-bottom-right-radius:0px;border-bottom-left-radius:0px;}.kadence-column8_b8e5e3-ea > .kt-inside-inner-col{column-gap:var(--global-kb-gap-sm, 1rem);}.kadence-column8_b8e5e3-ea > .kt-inside-inner-col{flex-direction:column;}.kadence-column8_b8e5e3-ea > .kt-inside-inner-col > .aligncenter{width:100%;}.kadence-column8_b8e5e3-ea > .kt-inside-inner-col:before{opacity:0.3;}.kadence-column8_b8e5e3-ea{position:relative;}@media all and (max-width: 1024px){.kadence-column8_b8e5e3-ea > .kt-inside-inner-col{flex-direction:column;justify-content:center;}}@media all and (max-width: 767px){.kadence-column8_b8e5e3-ea > .kt-inside-inner-col{flex-direction:column;justify-content:center;}}<\/style>\n<div class=\"wp-block-kadence-column kadence-column8_b8e5e3-ea\"><div class=\"kt-inside-inner-col\"><style>.wp-block-kadence-advancedheading.kt-adv-heading8_b002ae-ca, .wp-block-kadence-advancedheading.kt-adv-heading8_b002ae-ca[data-kb-block=\"kb-adv-heading8_b002ae-ca\"]{font-style:normal;}.wp-block-kadence-advancedheading.kt-adv-heading8_b002ae-ca mark.kt-highlight, .wp-block-kadence-advancedheading.kt-adv-heading8_b002ae-ca[data-kb-block=\"kb-adv-heading8_b002ae-ca\"] mark.kt-highlight{font-style:normal;color:#f76a0c;-webkit-box-decoration-break:clone;box-decoration-break:clone;padding-top:0px;padding-right:0px;padding-bottom:0px;padding-left:0px;}.wp-block-kadence-advancedheading.kt-adv-heading8_b002ae-ca img.kb-inline-image, .wp-block-kadence-advancedheading.kt-adv-heading8_b002ae-ca[data-kb-block=\"kb-adv-heading8_b002ae-ca\"] img.kb-inline-image{width:150px;vertical-align:baseline;}<\/style>\n<p class=\"kt-adv-heading8_b002ae-ca wp-block-kadence-advancedheading\" data-kb-block=\"kb-adv-heading8_b002ae-ca\">This program was adopted at the 39th Central Convention of the Communist Party of Canada, held in May 2019 in Toronto.<br><br>Follow the chapter links below to read online, or click here to download a PDF: <a href=\"https:\/\/communist-party.ca\/wp-content\/uploads\/2020\/07\/CPC-Program-2019-Convention.pdf\">Program of the Communist Party <\/a><\/p>\n<\/div><\/div>\n\n\n<style>.kadence-column8_ab1490-21 > .kt-inside-inner-col,.kadence-column8_ab1490-21 > .kt-inside-inner-col:before{border-top-left-radius:0px;border-top-right-radius:0px;border-bottom-right-radius:0px;border-bottom-left-radius:0px;}.kadence-column8_ab1490-21 > .kt-inside-inner-col{column-gap:var(--global-kb-gap-sm, 1rem);}.kadence-column8_ab1490-21 > .kt-inside-inner-col{flex-direction:column;}.kadence-column8_ab1490-21 > .kt-inside-inner-col > .aligncenter{width:100%;}.kadence-column8_ab1490-21 > .kt-inside-inner-col:before{opacity:0.3;}.kadence-column8_ab1490-21{position:relative;}@media all and (max-width: 1024px){.kadence-column8_ab1490-21 > .kt-inside-inner-col{flex-direction:column;justify-content:center;}}@media all and (max-width: 767px){.kadence-column8_ab1490-21 > .kt-inside-inner-col{flex-direction:column;justify-content:center;}}<\/style>\n<div class=\"wp-block-kadence-column kadence-column8_ab1490-21\"><div class=\"kt-inside-inner-col\"><style>.wp-block-kadence-advancedheading.kt-adv-heading8_b38ef0-db, .wp-block-kadence-advancedheading.kt-adv-heading8_b38ef0-db[data-kb-block=\"kb-adv-heading8_b38ef0-db\"]{line-height:50px;font-style:normal;}.wp-block-kadence-advancedheading.kt-adv-heading8_b38ef0-db mark.kt-highlight, .wp-block-kadence-advancedheading.kt-adv-heading8_b38ef0-db[data-kb-block=\"kb-adv-heading8_b38ef0-db\"] mark.kt-highlight{font-style:normal;color:#f76a0c;-webkit-box-decoration-break:clone;box-decoration-break:clone;padding-top:0px;padding-right:0px;padding-bottom:0px;padding-left:0px;}.wp-block-kadence-advancedheading.kt-adv-heading8_b38ef0-db img.kb-inline-image, .wp-block-kadence-advancedheading.kt-adv-heading8_b38ef0-db[data-kb-block=\"kb-adv-heading8_b38ef0-db\"] img.kb-inline-image{width:150px;vertical-align:baseline;}<\/style>\n<p class=\"kt-adv-heading8_b38ef0-db wp-block-kadence-advancedheading\" data-kb-block=\"kb-adv-heading8_b38ef0-db\"><a href=\"https:\/\/communist-party.ca\/?page_id=11\">Chapter 1: Our Aim Is Socialism<\/a><br><a href=\"https:\/\/communist-party.ca\/?page_id=13\">Chapter 2: Capitalism in Canada<\/a><br><a href=\"https:\/\/communist-party.ca\/?page_id=15\">Chapter 3: Canada in a Changing World<\/a><br><a href=\"https:\/\/communist-party.ca\/?page_id=21\">Chapter 4: The Canadian State, the Nations and Peoples of Canada, and the Crisis of Democracy<\/a><br><a href=\"https:\/\/communist-party.ca\/?page_id=23\">Chapter 5: The Working Class and People\u2019s Struggle<\/a><br><a href=\"https:\/\/communist-party.ca\/?page_id=25\">Chapter 6: For a People\u2019s Government<\/a><br><a href=\"https:\/\/communist-party.ca\/?page_id=27\">Chapter 7: Building Socialism<\/a><br><a href=\"https:\/\/communist-party.ca\/?page_id=31\">Chapter 8: The Communist Party<\/a><\/p>\n<\/div><\/div>\n<\/div><\/div>\n","protected":false},"excerpt":{"rendered":"<p>Ce programme a \u00e9t\u00e9 adopt\u00e9 lors du 39e Congr\u00e8s central du Parti communiste du Canada, tenu en mai 2019 \u00e0 Toronto.<\/p>","protected":false},"author":1,"featured_media":0,"parent":0,"menu_order":0,"comment_status":"closed","ping_status":"closed","template":"","meta":{"give_campaign_id":0,"_kadence_starter_templates_imported_post":false,"_kad_post_transparent":"","_kad_post_title":"","_kad_post_layout":"","_kad_post_sidebar_id":"","_kad_post_content_style":"","_kad_post_vertical_padding":"","_kad_post_feature":"","_kad_post_feature_position":"","_kad_post_header":false,"_kad_post_footer":false,"footnotes":""},"class_list":["post-8","page","type-page","status-publish","hentry"],"campaignId":"","_links":{"self":[{"href":"https:\/\/communist-party.ca\/fr\/wp-json\/wp\/v2\/pages\/8","targetHints":{"allow":["GET"]}}],"collection":[{"href":"https:\/\/communist-party.ca\/fr\/wp-json\/wp\/v2\/pages"}],"about":[{"href":"https:\/\/communist-party.ca\/fr\/wp-json\/wp\/v2\/types\/page"}],"author":[{"embeddable":true,"href":"https:\/\/communist-party.ca\/fr\/wp-json\/wp\/v2\/users\/1"}],"replies":[{"embeddable":true,"href":"https:\/\/communist-party.ca\/fr\/wp-json\/wp\/v2\/comments?post=8"}],"version-history":[{"count":37,"href":"https:\/\/communist-party.ca\/fr\/wp-json\/wp\/v2\/pages\/8\/revisions"}],"predecessor-version":[{"id":6562,"href":"https:\/\/communist-party.ca\/fr\/wp-json\/wp\/v2\/pages\/8\/revisions\/6562"}],"wp:attachment":[{"href":"https:\/\/communist-party.ca\/fr\/wp-json\/wp\/v2\/media?parent=8"}],"curies":[{"name":"wp","href":"https:\/\/api.w.org\/{rel}","templated":true}]}}