{"id":4487,"date":"2023-01-27T10:45:17","date_gmt":"2023-01-27T15:45:17","guid":{"rendered":"https:\/\/communist-party.ca\/?page_id=4487"},"modified":"2025-07-11T10:46:37","modified_gmt":"2025-07-11T14:46:37","slug":"join-the-party-adherer-au-parti","status":"publish","type":"page","link":"https:\/\/communist-party.ca\/fr\/join-the-party-adherer-au-parti\/","title":{"rendered":"Adh\u00e9rez au parti"},"content":{"rendered":"<p>En ces temps o\u00f9 nous luttons contre l'aggravation des crises g\u00e9n\u00e9r\u00e9es par le capitalisme \u2013 crises \u00e9conomiques, sociales et environnementales \u2013, une part croissante de la population reconna\u00eet que le syst\u00e8me lui-m\u00eame est en cause. Le socialisme est aujourd\u2019hui plus urgent que jamais !<\/p>\n\n\n\n<p>Il est temps de remplacer le capitalisme par un syst\u00e8me d\u00e9mocratique, pacifique, \u00e9quitable et durable : le socialisme ! Un changement aussi radical est possible, mais seulement par la lutte collective et l'organisation populaire.<\/p>\n\n\n<div class=\"wp-block-image\">\n<figure class=\"alignright size-full\"><img loading=\"lazy\" decoding=\"async\" width=\"150\" height=\"150\" src=\"https:\/\/communist-party.ca\/wp-content\/uploads\/2023\/01\/logo-150x150-1.png\" alt=\"\" class=\"wp-image-4491\" srcset=\"https:\/\/communist-party.ca\/wp-content\/uploads\/2023\/01\/logo-150x150-1.png 150w, https:\/\/communist-party.ca\/wp-content\/uploads\/2023\/01\/logo-150x150-1-96x96.png 96w, https:\/\/communist-party.ca\/wp-content\/uploads\/2023\/01\/logo-150x150-1-24x24.png 24w, https:\/\/communist-party.ca\/wp-content\/uploads\/2023\/01\/logo-150x150-1-36x36.png 36w, https:\/\/communist-party.ca\/wp-content\/uploads\/2023\/01\/logo-150x150-1-48x48.png 48w, https:\/\/communist-party.ca\/wp-content\/uploads\/2023\/01\/logo-150x150-1-64x64.png 64w\" sizes=\"auto, (max-width: 150px) 100vw, 150px\" \/><\/figure><\/div>\n\n\n<p><strong>Joignez-vous au combat \u2013 Adh\u00e9rez au Parti communiste du Canada<\/strong><\/p>\n\n\n\n<p>Fond\u00e9 par des travailleurs et travailleuses venant de partout au Canada, le Parti communiste du Canada a c\u00e9l\u00e9br\u00e9 son centenaire de lutte pour le socialisme en 2021.<\/p>\n\n\n\n<p>Remplissez <a href=\"https:\/\/jointhecommunistpartyofcanada.wordpress.com\/\">ce court formulaire<\/a> pour soumettre votre demande d'adh\u00e9sion.<\/p>","protected":false},"excerpt":{"rendered":"<p>Today, as we continue to struggle against the deepening crises capitalism creates \u2013 economic, social and environmental \u2013 more and more people are realizing that it\u2019s the system itself that\u2019s the problem. Socialism is more urgently needed today more than ever before! It\u2019s time capitalism was replaced with a democratic, peaceful, equitable and sustainable system:&#8230;<\/p>","protected":false},"author":1,"featured_media":0,"parent":0,"menu_order":0,"comment_status":"closed","ping_status":"closed","template":"","meta":{"give_campaign_id":0,"_kadence_starter_templates_imported_post":false,"_kad_post_transparent":"","_kad_post_title":"","_kad_post_layout":"","_kad_post_sidebar_id":"","_kad_post_content_style":"","_kad_post_vertical_padding":"","_kad_post_feature":"","_kad_post_feature_position":"","_kad_post_header":false,"_kad_post_footer":false,"footnotes":""},"class_list":["post-4487","page","type-page","status-publish","hentry"],"campaignId":"","_links":{"self":[{"href":"https:\/\/communist-party.ca\/fr\/wp-json\/wp\/v2\/pages\/4487","targetHints":{"allow":["GET"]}}],"collection":[{"href":"https:\/\/communist-party.ca\/fr\/wp-json\/wp\/v2\/pages"}],"about":[{"href":"https:\/\/communist-party.ca\/fr\/wp-json\/wp\/v2\/types\/page"}],"author":[{"embeddable":true,"href":"https:\/\/communist-party.ca\/fr\/wp-json\/wp\/v2\/users\/1"}],"replies":[{"embeddable":true,"href":"https:\/\/communist-party.ca\/fr\/wp-json\/wp\/v2\/comments?post=4487"}],"version-history":[{"count":6,"href":"https:\/\/communist-party.ca\/fr\/wp-json\/wp\/v2\/pages\/4487\/revisions"}],"predecessor-version":[{"id":6528,"href":"https:\/\/communist-party.ca\/fr\/wp-json\/wp\/v2\/pages\/4487\/revisions\/6528"}],"wp:attachment":[{"href":"https:\/\/communist-party.ca\/fr\/wp-json\/wp\/v2\/media?parent=4487"}],"curies":[{"name":"wp","href":"https:\/\/api.w.org\/{rel}","templated":true}]}}