{"id":3582,"date":"2020-05-06T13:23:38","date_gmt":"2020-05-06T17:23:38","guid":{"rendered":"https:\/\/communist-party.ca\/?page_id=3582"},"modified":"2023-02-09T14:51:04","modified_gmt":"2023-02-09T19:51:04","slug":"marxist-literature","status":"publish","type":"page","link":"https:\/\/communist-party.ca\/fr\/marxist-literature\/","title":{"rendered":"Principal Texts"},"content":{"rendered":"<div class=\"wp-block-image\">\n<figure class=\"aligncenter\"><img loading=\"lazy\" decoding=\"async\" width=\"1800\" height=\"1266\" src=\"https:\/\/communist-party.ca\/cpc-staging-1\/wp-content\/uploads\/2020\/05\/Green.jpg\" alt=\"\" class=\"wp-image-3605\" srcset=\"https:\/\/communist-party.ca\/wp-content\/uploads\/2020\/05\/Green.jpg 1800w, https:\/\/communist-party.ca\/wp-content\/uploads\/2020\/05\/Green-300x211.jpg 300w, https:\/\/communist-party.ca\/wp-content\/uploads\/2020\/05\/Green-768x540.jpg 768w, https:\/\/communist-party.ca\/wp-content\/uploads\/2020\/05\/Green-1024x720.jpg 1024w\" sizes=\"auto, (max-width: 1800px) 100vw, 1800px\" \/><\/figure><\/div>\n\n<h2>In English<\/h2>\n\n\n<p><a href=\"https:\/\/communist-party.ca\/wp-content\/uploads\/2023\/01\/Intro-to-Manifesto.pdf\" target=\"_blank\" rel=\"noreferrer noopener\"><em>The Communist Manifesto: An Introduction<\/em><\/a> Jeanne McGuire<br><em><a aria-label=\"The Communist Manifesto Karl Marx &amp; Friedrich Engels (opens in a new tab)\" href=\"https:\/\/www.marxists.org\/archive\/marx\/works\/1848\/communist-manifesto\/\" target=\"_blank\" rel=\"noreferrer noopener\">The Communist Manifesto<\/a><\/em> Karl Marx &amp; Friedrich Engels<br> The basic declaration of principles of the communist movement <\/p>\n\n\n\n<p><em><a href=\"https:\/\/communist-party.ca\/fr\/cpc-staging-1\/party-program\/\" target=\"_blank\" rel=\"noreferrer noopener\" aria-label=\"The Future is Socialism (opens in a new tab)\">The Future is Socialism<\/a><\/em><br>Programme du Parti communiste du Canada <\/p>\n\n\n\n<p><em><a aria-label=\"Socialism: Utopian &amp; Scientific Friedrich Engels (opens in a new tab)\" href=\"https:\/\/www.marxists.org\/archive\/marx\/works\/1880\/soc-utop\/index.htm\" target=\"_blank\" rel=\"noreferrer noopener\">Socialism: Utopian &amp; Scientific<\/a><\/em> Friedrich Engels<br>Marxism as a scientific view of the world,  in contrast with other socialist theories.<\/p>\n\n\n\n<p><em><a aria-label=\"Wage Labour &amp; Capital Karl Marx (opens in a new tab)\" href=\"https:\/\/www.marxists.org\/archive\/marx\/works\/1847\/wage-labour\/index.htm\" target=\"_blank\" rel=\"noreferrer noopener\">Wage Labour &amp; Capital<\/a><\/em> Karl Marx<br> Basics concepts of economics.<\/p>\n\n\n\n<p><em><a aria-label=\"The Origin of the Family,  Private Property and the State Friedrich Engels (opens in a new tab)\" href=\"https:\/\/www.marxists.org\/archive\/marx\/works\/1884\/origin-family\/index.htm\" target=\"_blank\" rel=\"noreferrer noopener\">The Origin of the Family,  Private Property and the State<\/a><\/em> Friedrich Engels<br> A sweeping overview of pre-history, and how class society and patriarchy arose together.<\/p>\n\n\n\n<p><em><a aria-label=\"The Emancipation of Women V.I. Lenin (opens in a new tab)\" href=\"https:\/\/www.marxists.org\/archive\/lenin\/works\/subject\/women\/index.htm\" target=\"_blank\" rel=\"noreferrer noopener\">The Emancipation of Women<\/a><\/em> V.I. Lenin<br>A compilation of Lenin&#8217;s remarks on the struggle for the emancipation of women.<\/p>\n\n\n\n<p><em><a aria-label=\"The State &amp; Revolution V.I. Lenin (opens in a new tab)\" href=\"https:\/\/www.marxists.org\/archive\/lenin\/works\/1917\/staterev\/index.htm\" target=\"_blank\" rel=\"noreferrer noopener\">The State &amp; Revolution<\/a><\/em> V.I. Lenin<br> The nature of the state, and the need for a revolutionary replacement of the capitalist state by a socialist one.<\/p>\n\n\n\n<p><em><a aria-label=\"Value, Price &amp; Profit V.I. Lenin (opens in a new tab)\" href=\"https:\/\/www.marxists.org\/archive\/marx\/works\/1865\/value-price-profit\/index.htm\" target=\"_blank\" rel=\"noreferrer noopener\">Value, Price &amp; Profit<\/a><\/em> Karl Marx<br> Introduction to how the capitalism economy works.<\/p>\n\n\n\n<p><em><a aria-label=\"Imperialism: The Highest State of Capitalism V.I. Lenin (opens in a new tab)\" href=\"https:\/\/www.marxists.org\/archive\/lenin\/works\/1916\/imp-hsc\/index.htm\" target=\"_blank\" rel=\"noreferrer noopener\">Imperialism: The Highest State of Capitalism<\/a><\/em> V.I. Lenin<br> The features of modern monopoly capitalism.<\/p>\n\n\n\n<p><em><a aria-label=\"The Right of Nations to Self-Determination V.I. Lenin (opens in a new tab)\" href=\"https:\/\/www.marxists.org\/archive\/lenin\/works\/1914\/self-det\/index.htm\" target=\"_blank\" rel=\"noreferrer noopener\">The Right of Nations to Self-Determination<\/a><\/em> V.I. Lenin<br> The principles of nation to nation relationships.<\/p>\n\n\n\n<p><em><a href=\"https:\/\/communist-party.ca\/wp-content\/uploads\/2023\/01\/Lenin_s-WITBD-Study-Guide.pdf\" target=\"_blank\" rel=\"noreferrer noopener\">Lenin&#8217;s What is to Be Done Study Guide<\/a><\/em> A Taylor<br> Its Contribution to Marxist Theory and the Foundation of the Party<br><em><a aria-label=\"What is to be Done? V.I. Lenin (opens in a new tab)\" href=\"https:\/\/www.marxists.org\/archive\/lenin\/works\/1901\/witbd\/index.htm\" target=\"_blank\" rel=\"noreferrer noopener\">What is to Be Done?<\/a><\/em> V.I. Lenin<br> The difference between revolutionary and reformist politics and how the party should be organized.<\/p>\n\n\n\n<p><em><a href=\"https:\/\/communist-party.ca\/wp-content\/uploads\/2023\/01\/Lenin_s-LWC-Study-Guide.pdf\" target=\"_blank\" rel=\"noreferrer noopener\">&#8220;Left-Wing&#8221; Communism: An Infantile Disorder Study Guide<\/a><\/em> Drew Garvie<br><em><a aria-label=\"&quot;Left-Wing&quot; Communism: An Infantile Disorder V.I. Lenin (opens in a new tab)\" href=\"https:\/\/www.marxists.org\/archive\/lenin\/works\/1920\/lwc\/index.htm\" target=\"_blank\" rel=\"noreferrer noopener\">&#8220;Left-Wing&#8221; Communism: An Infantile Disorder<\/a><\/em> V.I. Lenin<br> What&#8217;s wrong with ultra-leftism and anarchism.<\/p>\n\n\n<h2>In French<\/h2>\n\n\n<p><a aria-label=\"Le manifeste du Parti communiste  Marx et Engels (opens in a new tab)\" href=\"https:\/\/www.marxists.org\/francais\/marx\/works\/1847\/00\/kmfe18470000.htm\" target=\"_blank\" rel=\"noreferrer noopener\"><em>Le manifeste du Parti communiste<\/em><\/a> Karl Marx et Friedrich Engels<br> La d\u00e9claration des principes fondamentaux du mouvement communiste.<\/p>\n\n\n\n<p><em><a aria-label=\"NOTRE AVENIR AU CANADA: LE SOCIALISME!  (opens in a new tab)\" href=\"https:\/\/particommunisteduquebec.ca\/programme\/\" target=\"_blank\" rel=\"noreferrer noopener\">NOTRE AVENIR AU CANADA: LE SOCIALISME! <\/a><\/em><br> Programme du Parti communiste du Canada et du Parti communiste du Qu\u00e9bec.<\/p>\n\n\n\n<p><a aria-label=\"Socialisme Utopique et Socialisme Scientifique Friedrich Engels (opens in a new tab)\" href=\"https:\/\/www.marxists.org\/francais\/marx\/80-utopi\/index.htm\" target=\"_blank\" rel=\"noreferrer noopener\"><em>Socialisme Utopique et Socialisme Scientifique<\/em><\/a> Friedrich Engels<br> Le marxisme en tant que vision scientifique du monde, en contraste avec d&#8217;autres th\u00e9ories socialistes.<\/p>\n\n\n\n<p><em><a aria-label=\"Travail Salari\u00e9 et Capital Karl Marx (opens in a new tab)\" href=\"https:\/\/www.marxists.org\/francais\/marx\/works\/1847\/12\/km18471230.htm\" target=\"_blank\" rel=\"noreferrer noopener\">Travail Salari\u00e9 et Capital<\/a><\/em> Karl Marx <br> Concepts de base de l&#8217;\u00e9conomie.<\/p>\n\n\n\n<p><a aria-label=\"L'origine de la famille, de la propri\u00e9t\u00e9 priv\u00e9e et de l'\u00c9tat Friedrich Engels (opens in a new tab)\" href=\"https:\/\/www.marxists.org\/francais\/engels\/works\/1884\/00\/fe18840000.htm\" target=\"_blank\" rel=\"noreferrer noopener\"><em>L&#8217;origine de la famille, de la propri\u00e9t\u00e9 priv\u00e9e et de l&#8217;\u00c9tat<\/em><\/a> Friedrich Engels<a aria-label=\"L'origine de la famille, de la propri\u00e9t\u00e9 priv\u00e9e et de l'\u00c9tat Friedrich Engels (opens in a new tab)\" href=\"https:\/\/www.marxists.org\/francais\/engels\/works\/1884\/00\/fe18840000.htm\" target=\"_blank\" rel=\"noreferrer noopener\"><br><\/a> Un vaste expos\u00e9 de la pr\u00e9histoire et de la naissance des soci\u00e9t\u00e9s de classe et du patriarcat.<\/p>\n\n\n\n<p><em><a aria-label=\"L'\u00c9tat et la Revolution L\u00e9nine (opens in a new tab)\" href=\"https:\/\/www.marxists.org\/francais\/lenin\/works\/1917\/08\/er00t.htm\" target=\"_blank\" rel=\"noreferrer noopener\">L&#8217;\u00c9tat et la Revolution<\/a><\/em> L\u00e9nine<br> Qu&#8217;est-ce que c&#8217;est que l&#8217;\u00c9tat, et le besoin du remplacement r\u00e9volutionaire de l&#8217;\u00c9tat capitaliste par un \u00c9tat socialiste.<\/p>\n\n\n\n<p><em><a aria-label=\"Salaire, Prix et Profit Karl Marx (opens in a new tab)\" href=\"https:\/\/www.marxists.org\/francais\/marx\/works\/1865\/06\/km18650626.htm\" target=\"_blank\" rel=\"noreferrer noopener\">Salaire, Prix et Profit<\/a><\/em> Karl Marx<br> Introduction au fonctionnement de l&#8217;\u00e9conomie capitaliste.<\/p>\n\n\n\n<p><em><a aria-label=\"L'imp\u00e9rialisme, stade supr\u00eame du capitalisme L\u00e9nine (opens in a new tab)\" href=\"https:\/\/www.marxists.org\/francais\/lenin\/works\/1916\/vlimperi\/vlimp.htm\" target=\"_blank\" rel=\"noreferrer noopener\">L&#8217;imp\u00e9rialisme, stade supr\u00eame du capitalisme<\/a><\/em> L\u00e9nine<br> Les caract\u00e9ristiques du capitalisme monopolistique moderne.<\/p>\n\n\n\n<p><a aria-label=\"La r\u00e9volution socialiste et le droit des nations \u00e0 disposer d'elles-m\u00eames  L\u00e9nine  (opens in a new tab)\" href=\"https:\/\/www.marxists.org\/francais\/lenin\/works\/1916\/01\/19160100.htm\" target=\"_blank\" rel=\"noreferrer noopener\"><em>La r\u00e9volution socialiste et le droit des nations \u00e0 disposer d&#8217;elles-m\u00eames<\/em><\/a> L\u00e9nine<br> Les principes des relations de nation \u00e0 nation.<\/p>\n\n\n\n<p><a aria-label=\"Que faire?  L\u00e9nine (opens in a new tab)\" href=\"https:\/\/www.marxists.org\/francais\/lenin\/works\/1902\/02\/19020200.htm\" target=\"_blank\" rel=\"noreferrer noopener\"><em>Que faire?<\/em><\/a>  L\u00e9nine<br> La diff\u00e9rence entre la politique r\u00e9volutionnaire et la politique r\u00e9formiste et comment le parti devrait \u00eatre organis\u00e9.<\/p>\n\n\n\n<p><a aria-label=\"La maladie infantile du communisme (le &quot;gauchisme&quot;)  L\u00e9nine (opens in a new tab)\" href=\"https:\/\/www.marxists.org\/francais\/lenin\/works\/1920\/04\/gauchisme.htm\" target=\"_blank\" rel=\"noreferrer noopener\"><em>La maladie infantile du communisme (le &#8220;gauchisme&#8221;)<\/em><\/a>  L\u00e9nine<br> Qu&#8217;est-ce qui ne va pas avec l&#8217;ultra-gauchisme et l&#8217;anarchisme.<\/p>","protected":false},"excerpt":{"rendered":"<p>Resources &#038; readings<\/p>","protected":false},"author":1,"featured_media":0,"parent":0,"menu_order":0,"comment_status":"closed","ping_status":"closed","template":"no-sidebars.php","meta":{"give_campaign_id":0,"_kadence_starter_templates_imported_post":false,"_kad_post_transparent":"","_kad_post_title":"","_kad_post_layout":"","_kad_post_sidebar_id":"","_kad_post_content_style":"","_kad_post_vertical_padding":"","_kad_post_feature":"","_kad_post_feature_position":"","_kad_post_header":false,"_kad_post_footer":false,"footnotes":""},"class_list":["post-3582","page","type-page","status-publish","hentry"],"campaignId":"","_links":{"self":[{"href":"https:\/\/communist-party.ca\/fr\/wp-json\/wp\/v2\/pages\/3582","targetHints":{"allow":["GET"]}}],"collection":[{"href":"https:\/\/communist-party.ca\/fr\/wp-json\/wp\/v2\/pages"}],"about":[{"href":"https:\/\/communist-party.ca\/fr\/wp-json\/wp\/v2\/types\/page"}],"author":[{"embeddable":true,"href":"https:\/\/communist-party.ca\/fr\/wp-json\/wp\/v2\/users\/1"}],"replies":[{"embeddable":true,"href":"https:\/\/communist-party.ca\/fr\/wp-json\/wp\/v2\/comments?post=3582"}],"version-history":[{"count":17,"href":"https:\/\/communist-party.ca\/fr\/wp-json\/wp\/v2\/pages\/3582\/revisions"}],"predecessor-version":[{"id":4597,"href":"https:\/\/communist-party.ca\/fr\/wp-json\/wp\/v2\/pages\/3582\/revisions\/4597"}],"wp:attachment":[{"href":"https:\/\/communist-party.ca\/fr\/wp-json\/wp\/v2\/media?parent=3582"}],"curies":[{"name":"wp","href":"https:\/\/api.w.org\/{rel}","templated":true}]}}