{"id":31,"date":"2014-02-26T18:22:15","date_gmt":"2014-02-26T23:22:15","guid":{"rendered":"https:\/\/communist-party.ca\/?page_id=31"},"modified":"2023-03-03T17:29:07","modified_gmt":"2023-03-03T22:29:07","slug":"chapter-8-the-communist-party","status":"publish","type":"page","link":"https:\/\/communist-party.ca\/fr\/chapter-8-the-communist-party\/","title":{"rendered":"Chapitre 8 : Le Parti communiste"},"content":{"rendered":"<p><span style=\"font-weight: 400;\">La mission historique de la classe ouvri\u00e8re et du Parti communiste consiste \u00e0 faire\npasser le Canada du capitalisme au socialisme et, finalement, au communisme. Pour atteindre\nce noble objectif, la classe ouvri\u00e8re et le Parti doivent \u00e9galement lutter pour emp\u00eacher le\nd\u00e9clenchement de la guerre mondiale et pour prot\u00e9ger l\u2019environnement naturel de la\nd\u00e9vastation.<\/span><\/p>\n<p><span style=\"font-weight: 400;\">Le Parti communiste entend \u00eatre le principal parti politique de la classe ouvri\u00e8re, de tous\nles travailleurs et travailleuses manuels et intellectuels. Il est issu de la classe ouvri\u00e8re et en\nconstitue le d\u00e9tachement politique organis\u00e9. Le Parti n\u2019a pas d\u2019autres int\u00e9r\u00eats que ceux de la\nclasse ouvri\u00e8re dans son ensemble.<\/span><\/p>\n<p><span style=\"font-weight: 400;\">La vision du monde du Parti communiste est bas\u00e9e sur le marxisme-l\u00e9ninisme, qui\nincarne la th\u00e9orie du socialisme scientifique mise en \u00e9vidence par Karl Marx, Frederick Engels\net Vladimir Ilitch L\u00e9nine. Le marxisme-l\u00e9ninisme n\u2019est pas un dogme : il s\u2019agit d\u2019une th\u00e9orie\nvivante en constante \u00e9volution, d\u2019un outil d\u2019analyse et d\u2019un guide pour l\u2019action. Il int\u00e8gre\nl\u2019exp\u00e9rience concentr\u00e9e de toutes les luttes de la classe ouvri\u00e8re, tant au Canada qu\u2019ailleurs\ndans le monde. Le marxisme-l\u00e9ninisme s\u2019est impos\u00e9 en tant que th\u00e9orie et pratique du\nsocialisme depuis la r\u00e9daction du Manifeste du Parti communiste en 1848.<\/span><\/p>\n<p><span style=\"font-weight: 400;\">Les travailleurs et travailleuses m\u00e8nent une lutte \u00e9conomique quotidienne sur les\nlieux de travail, pour obtenir de meilleurs salaires et de meilleures conditions de travail. Or, la\nth\u00e9orie et la pratique socialistes ne surgissent pas spontan\u00e9ment du lieu de travail. Le Parti\ncommuniste, par son travail, fusionne le socialisme scientifique avec la lutte des classes et,\nce faisant, r\u00e9pand la conscience politique et socialiste parmi les travailleurs et travailleuses,\npar une prise de conscience de leur mission historique en tant que classe.<\/span><\/p>\n<p><span style=\"font-weight: 400;\">Le Parti communiste travaille activement \u00e0 ce que la classe ouvri\u00e8re s\u2019approprie la\nvision marxiste-l\u00e9niniste du monde et il en d\u00e9fend les principes contre toute tentative de les\nrejeter ou de les d\u00e9former. La science du marxisme-l\u00e9ninisme et le Parti qui l\u2019incarne sont\nessentiels \u00e0 l\u2019instauration du pouvoir politique de la classe ouvri\u00e8re, sa consolidation et la\nconstruction du socialisme.<\/span><\/p>\n<p><span style=\"font-weight: 400;\">Les communistes s\u2019efforcent de jouer un r\u00f4le actif et initiateur dans les luttes\nquotidiennes du peuple pour d\u00e9fendre son niveau de vie et satisfaire ses besoins mat\u00e9riels,\nsociaux et culturels.<\/span><\/p>\n<p><span style=\"font-weight: 400;\">Le Parti vise \u00e0 jouer un r\u00f4le dirigeant aupr\u00e8s de la majorit\u00e9 de la classe ouvri\u00e8re, en\nfaisant la promotion de ses politiques dans les luttes quotidiennes pour les besoins imm\u00e9diats\ndes masses laborieuses et en soulignant les le\u00e7ons \u00e0 en tirer. Il intervient publiquement sur\ntoutes les questions d\u2019actualit\u00e9 et se bat pour l\u2019unit\u00e9 de la classe ouvri\u00e8re.<\/span><\/p>\n<p><span style=\"font-weight: 400;\">Le Parti communiste cherche constamment \u00e0 \u00e9largir son influence publique et \u00e0 gagner\ndans ses rangs les couches les plus avanc\u00e9es de la classe ouvri\u00e8re, les agriculteurs, les\nintellectuels, les \u00e9tudiants, les femmes et les jeunes. Le Parti communiste est pr\u00e9sent \u00e0 la fois\nsur la sc\u00e8ne \u00e9lectorale et au sein des luttes extraparlementaires.<\/span><\/p>\n<p><span style=\"font-weight: 400;\">Le Parti m\u00e8ne une lutte pour d\u00e9fendre l\u2019id\u00e9ologie de la classe ouvri\u00e8re contre l\u2019id\u00e9ologie\ncapitaliste et sa d\u00e9fense par le socialisme r\u00e9formiste. Il combat \u00e0 la fois l\u2019opportunisme de\n\ndroite comme celui de gauche, ainsi que le dogmatisme, le sectarisme, le chauvinisme, le\nnationalisme bourgeois, l\u2019anarchisme et l\u2019aventurisme. Il coop\u00e8re avec les organisations de la\nclasse ouvri\u00e8re dans une lutte commune pour les besoins du peuple. Dans les d\u00e9bats\nd\u00e9mocratiques, il s\u2019efforce de convaincre ceux et celles qui suivent les dirigeants socialistes\nr\u00e9formistes de la v\u00e9rit\u00e9 du socialisme scientifique.<\/span><\/p>\n<p><span style=\"font-weight: 400;\">Le Parti communiste cherche \u00e0 unir, au sein d\u2019un m\u00eame parti, tous ceux et celles\nqui luttent pour le socialisme sur la base du marxisme-l\u00e9ninisme.<\/span><\/p>\n<p><span style=\"font-weight: 400;\">Le Parti communiste prend position sur toutes les questions qui touchent la population\ncanadienne. Il d\u00e9fend le peuple canadien et les droits de toutes les nations au sein du Canada.\nIl d\u00e9fend les int\u00e9r\u00eats fondamentaux de la classe ouvri\u00e8re et des masses laborieuses dans leur\nensemble, qui sont ceux de la grande majorit\u00e9 des Canadiens et Canadiennes. Il d\u00e9fend la\nsouverainet\u00e9 du Canada. Il d\u00e9fend les droits des femmes et se bat pour la pleine \u00e9galit\u00e9 des\nsexes.<\/span><\/p>\n<p><span style=\"font-weight: 400;\">Le Parti s\u2019efforce d\u2019\u00e9tablir dans ses rangs des relations sur la base de nos principes et\nnotre \u00e9thique communistes. Il lutte contre toute manifestation de sexisme, de racisme,\nd\u2019homophobie, de transphobie ou d\u2019autres formes de discrimination et d\u2019intol\u00e9rance qui pourrait\nsurvenir dans ses rangs. Il d\u00e9fend et promeut la d\u00e9mocratie en tout temps au sein du Parti, et\nprot\u00e8ge les droits constitutionnels de tous ses membres.<\/span><\/p>\n<p><span style=\"font-weight: 400;\">Le Parti communiste se consacre aux progr\u00e8s d\u00e9mocratiques, d\u00e9fend les droits\nl\u00e9gaux et d\u00e9mocratiques du peuple contre les attaques r\u00e9actionnaires et cherche \u00e0 \u00e9tendre\nces droits. Le Parti communiste n\u2019est pas un parti qui fomente des coups d\u2019\u00c9tat, des putschs\nou des conspirations. Il s\u2019oppose aux actes de terrorisme individuel et \u00e0 quiconque voudrait\nremplacer le travail patient et constant d\u2019\u00e9ducation et d\u2019organisation r\u00e9volutionnaires des\nmasses par des phrases pseudo-r\u00e9volutionnaires creuses et des appels irresponsables \u00e0\nl\u2019action sans \u00e9gard \u00e0 la situation r\u00e9elle.<\/span><\/p>\n<p><span style=\"font-weight: 400;\">Le Parti communiste poursuit ses activit\u00e9s en s\u2019appuyant sur les traditions de ceux et\ncelles qui se sont battus pour les libert\u00e9s d\u00e9mocratiques et l\u2019ind\u00e9pendance du Canada. Il\nincarne les r\u00eaves et les aspirations associ\u00e9s aux h\u00e9ros des innombrables luttes ouvri\u00e8res au\nCanada.<\/span><\/p>\n<p><span style=\"font-weight: 400;\">Le Parti communiste travaille \u00e0 l\u2019avancement politique des travailleurs, des p\u00eacheurs et\ndes agriculteurs canadiens, ainsi que des couches moyennes de la population. Au cours d\u2019une\nlutte constante pour la d\u00e9mocratie, la majorit\u00e9 du peuple canadien, du fait de ses propres\nunit\u00e9s d\u2019action et sa volont\u00e9 politique, et sous la direction de la classe ouvri\u00e8re, est capable de\ngrands progr\u00e8s.<\/span> <span style=\"font-weight: 400;\">Le Parti communiste travaille \u00e0 la coop\u00e9ration avec toutes les forces ouvri\u00e8res\net d\u00e9mocratiques, afin d\u2019amener une nouvelle majorit\u00e9 \u00e0 lutter pour un changement\nfondamental et le progr\u00e8s social par l\u2019instauration d\u2019un gouvernement populaire, ouvrant ainsi\nla voie \u00e0 de nouvelles transformations r\u00e9volutionnaires et \u00e0 la victoire du socialisme.<\/span><\/p>\n<p><span style=\"font-weight: 400;\">Les communistes font leur possible pour renforcer l\u2019unit\u00e9 d\u2019action de toutes les\nforces ouvri\u00e8res, progressistes et d\u00e9mocratiques. Le Parti communiste cherche \u00e0\ncoop\u00e9rer avec d\u2019autres organisations au sein des mouvements ouvriers et\nd\u00e9mocratiques et favorise le d\u00e9veloppement de vastes coalitions, alliances et formations\nde front uni qui d\u00e9fendent et font progresser les int\u00e9r\u00eats de la classe ouvri\u00e8re et les\ndroits sociaux, \u00e9conomiques et d\u00e9mocratiques du peuple canadien. La cr\u00e9ation\nd\u2019alliances augmente la force mat\u00e9rielle des masses laborieuses et montre que\nl\u2019oppression particuli\u00e8re, subie par un groupe d\u2019ouvriers, s\u2019inscrit dans un cadre plus\nlarge d\u2019oppression capitaliste qui affecte toutes les masses laborieuses. Cela illustre les\nliens qui existent entre ces classes et ces groupes, de m\u00eame qu\u2019avec l\u2019\u00c9tat. Ces\nalliances permettent aux masses laborieuses de riposter \u00e0 d\u2019autres cas d\u2019oppression\ncapitaliste. Elles leur apprennent \u00e0 travailler avec d\u2019autres classes et groupes de la\nsoci\u00e9t\u00e9. En d\u2019autres termes, elles contribuent \u00e0 jeter les bases d\u2019une direction de la\nsoci\u00e9t\u00e9 dans son ensemble par la classe ouvri\u00e8re. <\/span><\/p>\n<p><span style=\"font-weight: 400;\">Simultan\u00e9ment, le Parti communiste du Canada maintient son ind\u00e9pendance\nid\u00e9ologique, politique et organisationnelle. Il explique ouvertement son programme au\npeuple, mettant en avant la n\u00e9cessit\u00e9 et la pertinence d\u2019une transformation socialiste.<\/span><\/p>\n<p><span style=\"font-weight: 400;\">Le Parti communiste s\u2019oppose au chauvinisme de \u00ab grande nation \u00bb, ainsi qu\u2019au\nnationalisme \u00e9troit dans les domaines politique, \u00e9conomique, culturel et social. Il lutte fermement\npour l\u2019unit\u00e9 des peuples du Canada, sur la base de la pleine \u00e9galit\u00e9 et le respect des droits\n\nnationaux. Il favorise des liens plus \u00e9troits d\u2019amiti\u00e9 et de coop\u00e9ration entre les Canadiens et\nCanadiennes de toutes origines nationales et ethniques, et se bat pour leur droit de soutenir leur\nculture, leur langue et leurs traditions.<\/span><\/p>\n<p><span style=\"font-weight: 400;\">\u00c0 l\u2019instar des premiers d\u00e9mocrates radicaux et des pionniers du mouvement ouvrier au\nCanada, les communistes qui sont internationalistes estiment que les int\u00e9r\u00eats fondamentaux\ndes masses laborieuses du monde entier ne font qu\u2019un. La lutte pour faire valoir les int\u00e9r\u00eats de\nla classe ouvri\u00e8re et du peuple canadien, et pour d\u00e9fendre sa souverainet\u00e9, est indissociable\nde l\u2019internationalisme prol\u00e9tarien, c\u2019est-\u00e0-dire la solidarit\u00e9 de la classe ouvri\u00e8re de tous les pays\nen coop\u00e9ration contre la domination imp\u00e9rialiste et pour un monde en paix.<\/span><\/p>\n<p><span style=\"font-weight: 400;\">Le respect de l\u2019\u00e9galit\u00e9 de tous les peuples et de la souverainet\u00e9 de toutes les nations,\ngrandes et petites, est l\u2019un des principes directeurs de l\u2019internationalisme prol\u00e9tarien.<\/span><\/p>\n<p><span style=\"font-weight: 400;\">Les travailleurs et travailleuses du Canada ont le devoir de lutter contre l\u2019exploitation\ndes peuples d\u2019Am\u00e9rique latine, d\u2019Asie et d\u2019Afrique par l\u2019imp\u00e9rialisme canadien. Dans les\nAm\u00e9riques, il existe un besoin particulier de solidarit\u00e9 entre les masses laborieuses du\nCanada, des \u00c9tats-Unis, de Cuba socialiste et de toute l\u2019Am\u00e9rique latine et des Cara\u00efbes, dans\nla lutte commune contre l\u2019imp\u00e9rialisme \u00e9tats-unien et pour la lib\u00e9ration nationale et sociale.<\/span><\/p>\n<p><span style=\"font-weight: 400;\">Les communistes militent pour l\u2019\u00e9mancipation de toute l\u2019humanit\u00e9 contre\nl\u2019exploitation capitaliste, le pillage colonial, la guerre imp\u00e9rialiste, la pauvret\u00e9 et l\u2019ignorance.\nLe Parti communiste travaille \u00e0 convaincre la classe ouvri\u00e8re au Canada, de la n\u00e9cessit\u00e9 de\nse solidariser avec les masses laborieuses de tous les pays, qui tentent de se lib\u00e9rer de la\ndomination de l\u2019imp\u00e9rialisme et qui luttent pour la construction du socialisme.<\/span><\/p>\n<p><span style=\"font-weight: 400;\">Conform\u00e9ment \u00e0 sa vision du monde marxiste-l\u00e9niniste, le Parti communiste \u00e9tudie les\nexp\u00e9riences des mouvements ouvriers d\u2019autres pays et en tire des le\u00e7ons, tout en tenant\ncompte des conditions et des traditions propres au Canada et \u00e0 sa population. Il entretient des\nrelations \u00e9troites avec d\u2019autres partis communistes et ouvriers, de m\u00eame que des mouvements\nde lib\u00e9ration nationale selon le principe de la solidarit\u00e9, de l\u2019ind\u00e9pendance, de la pleine \u00e9galit\u00e9\net de la non-ing\u00e9rence. Il travaille en vue de l\u2019unit\u00e9 politique et id\u00e9ologique du mouvement\ncommuniste mondial.<\/span><\/p>\n<p><span style=\"font-weight: 400;\">Le centralisme d\u00e9mocratique, principe organisationnel du Parti, combine la participation\nde tous ses membres aux discussions et d\u00e9cisions d\u00e9mocratiques sur la politique et l\u2019\u00e9lection\nde toutes les commissions comp\u00e9tentes, avec une direction collective centrale en action et \u00e0\ndes d\u00e9cisions contraignantes pour tous les membres. Il s\u2019appuie sur la critique et l\u2019autocritique,\nainsi que sur la reconnaissance publique de ses erreurs, afin d\u2019en tirer des le\u00e7ons et\nd\u2019am\u00e9liorer son travail.<\/span><\/p>\n<p><span style=\"font-weight: 400;\">Le cours du d\u00e9veloppement au Canada m\u00e8ne \u00e0 une voie compliqu\u00e9e, mais\ninexorable, vers le remplacement du capitalisme par le socialisme. En luttant pour ce\nchangement fondamental, les communistes expriment en fait les id\u00e9aux d\u2019un grand nombre\nde Canadiens et Canadiennes qui aspirent \u00e0 un nouvel ordre social humain, libre de\nl\u2019exploitation et de l\u2019oppression.<\/span><\/p>\n<p><span style=\"font-weight: 400;\">Le Parti communiste ch\u00e9rit et promeut les plus hautes qualit\u00e9s morales de la classe\nouvri\u00e8re, c\u2019est-\u00e0-dire le d\u00e9vouement \u00e0 la cause de la lib\u00e9ration socialiste, la cause de la libert\u00e9\net du bonheur humain. Il cherche \u00e0 cultiver cette \u00e9thique humaniste au sein des masses\nlaborieuses.<\/span><\/p>\n<p><span style=\"font-weight: 400;\">Pour toutes ces raisons, le Parti communiste constitue la fraction la plus avanc\u00e9e de la\nclasse ouvri\u00e8re et vise \u00e0 en devenir l\u2019avant-garde.<\/span><\/p>\n<p><span style=\"font-weight: 400;\">Depuis la fondation du Parti communiste du Canada en 1921, les communistes\ncanadiens et canadiennes portent haut la banni\u00e8re de la paix, de l\u2019internationalisme, de\nl\u2019ind\u00e9pendance du Canada, de la d\u00e9mocratie et du socialisme. Ils ont toujours soutenu les\nluttes des travailleurs et des agriculteurs pour une vie meilleure, assurant souvent la direction\nde ces luttes.<\/span><\/p>\n<p><span style=\"font-weight: 400;\">Tel est le programme communiste pour le Canada.<\/span><\/p>\n<p><span style=\"font-weight: 400;\">Le Parti communiste invite quiconque est d\u2019accord avec ce programme, et pr\u00eat \u00e0 se\nl\u2019approprier et \u00e0 lutter pour sa r\u00e9alisation, \u00e0 en devenir membre.<\/span><\/p>\n<h4 style=\"text-align: center;\"><a href=\"https:\/\/communist-party.ca\/fr\/join-the-party-adherer-au-parti\/\" target=\"_blank\" rel=\"noopener noreferrer\"><span style=\"color: #ff0000;\">Rejoignez le Parti communiste!<\/span><\/a><\/h4>\n<h4 style=\"text-align: center;\"><span style=\"color: #ff0000;\">Prol\u00e9taires et peuples opprim\u00e9s de tous les pays, unissez-vous!<\/span><\/h4>","protected":false},"excerpt":{"rendered":"<p>The historic mission of the working class and the Communist Party is to lead Canada from capitalism to socialism and ultimately communism. In order to achieve that lofty goal, the working class and the Party must also struggle to prevent the outbreak of world war, and to protect the natural environment from devastation. The Communist&#8230;<\/p>","protected":false},"author":1,"featured_media":0,"parent":0,"menu_order":0,"comment_status":"closed","ping_status":"closed","template":"no-sidebars.php","meta":{"give_campaign_id":0,"_kadence_starter_templates_imported_post":false,"_kad_post_transparent":"","_kad_post_title":"","_kad_post_layout":"","_kad_post_sidebar_id":"","_kad_post_content_style":"","_kad_post_vertical_padding":"","_kad_post_feature":"","_kad_post_feature_position":"","_kad_post_header":false,"_kad_post_footer":false,"footnotes":""},"class_list":["post-31","page","type-page","status-publish","hentry"],"campaignId":"","_links":{"self":[{"href":"https:\/\/communist-party.ca\/fr\/wp-json\/wp\/v2\/pages\/31","targetHints":{"allow":["GET"]}}],"collection":[{"href":"https:\/\/communist-party.ca\/fr\/wp-json\/wp\/v2\/pages"}],"about":[{"href":"https:\/\/communist-party.ca\/fr\/wp-json\/wp\/v2\/types\/page"}],"author":[{"embeddable":true,"href":"https:\/\/communist-party.ca\/fr\/wp-json\/wp\/v2\/users\/1"}],"replies":[{"embeddable":true,"href":"https:\/\/communist-party.ca\/fr\/wp-json\/wp\/v2\/comments?post=31"}],"version-history":[{"count":4,"href":"https:\/\/communist-party.ca\/fr\/wp-json\/wp\/v2\/pages\/31\/revisions"}],"predecessor-version":[{"id":4614,"href":"https:\/\/communist-party.ca\/fr\/wp-json\/wp\/v2\/pages\/31\/revisions\/4614"}],"wp:attachment":[{"href":"https:\/\/communist-party.ca\/fr\/wp-json\/wp\/v2\/media?parent=31"}],"curies":[{"name":"wp","href":"https:\/\/api.w.org\/{rel}","templated":true}]}}