{"id":25,"date":"2014-02-26T18:05:17","date_gmt":"2014-02-26T23:05:17","guid":{"rendered":"https:\/\/communist-party.ca\/?page_id=25"},"modified":"2025-07-10T14:02:42","modified_gmt":"2025-07-10T18:02:42","slug":"chapter-6-for-a-peoples-government","status":"publish","type":"page","link":"https:\/\/communist-party.ca\/fr\/chapter-6-for-a-peoples-government\/","title":{"rendered":"Chapitre 6 : Pour un gouvernement populaire"},"content":{"rendered":"<p>Une alliance d\u00e9mocratique, anti-monopoliste et anti-imp\u00e9rialiste devra avoir pour objectif\nla restructuration d\u00e9mocratique de la soci\u00e9t\u00e9 canadienne, afin de donner la priorit\u00e9 aux int\u00e9r\u00eats\nde la majorit\u00e9 des Canadiens et Canadiennes et de briser la domination du capital financier sur\ntous les aspects de la vie. Elle devra chercher \u00e0 faire avancer les int\u00e9r\u00eats des masses\nlaborieuses en utilisant tous les moyens disponibles de lutte, fond\u00e9s sur une action de masse\nunie et extraparlementaire.<\/p>\n<p>Cette alliance devra aspirer \u00e0 remporter des victoires \u00e9lectorales et \u00e0 conqu\u00e9rir le\npouvoir gr\u00e2ce \u00e0 un gouvernement populaire d\u00e9termin\u00e9 \u00e0 prendre des mesures radicales, pour\nd\u00e9mocratiser la soci\u00e9t\u00e9 et transformer les relations \u00e9conomiques dans l\u2019int\u00e9r\u00eat de la classe\nouvri\u00e8re et de la population canadienne dans son ensemble.<\/p>\n<p>Une telle perc\u00e9e sera difficile \u00e0 r\u00e9aliser \u00e9tant donn\u00e9 les moyens sophistiqu\u00e9s dont\ndispose la classe dirigeante pour manipuler l\u2019opinion publique, d\u00e9courager le militantisme\npolitique et influencer autrement le r\u00e9sultat des \u00e9lections bourgeoises. L\u2019une des t\u00e2ches\nessentielles de l\u2019alliance devra consister \u00e0 d\u00e9fendre et promouvoir la d\u00e9mocratie, tout en\nluttant contre les attaques des entreprises et des gouvernements contre le processus\n\u00e9lectoral.<\/p>\n<p>Un gouvernement d\u00e9mocratique antitrust, fond\u00e9 sur une majorit\u00e9 parlementaire et\nagissant de concert avec les mouvements populaires extraparlementaires unis et militants,\nmarquerait un changement qualitatif dans l\u2019\u00e9quilibre des forces de classe au sein de la soci\u00e9t\u00e9\ncanadienne, et ouvrirait la porte \u00e0 la transformation r\u00e9volutionnaire vers le socialisme. Cela\naurait l\u2019effet d\u2019impliquer le peuple d\u2019une fa\u00e7on vraiment concr\u00e8te.<\/p>\n<p>Un gouvernement populaire s\u2019engagerait \u00e0 mettre en \u0153uvre un programme d\u2019action\nvisant \u00e0 servir le peuple avant les profits. Surgissant au cours des luttes sociales,\n\u00e9conomiques et politiques de la classe ouvri\u00e8re et de ses alli\u00e9s d\u00e9mocratiques, ce programme\nserait soumis \u00e0 la discussion la plus large et \u00e0 l\u2019approbation de toutes les forces de l\u2019alliance.<\/p>\n<p>Les communistes devront lutter pour obtenir le soutien du programme de transformation\npolitique, \u00e9conomique et sociale le plus avanc\u00e9 possible, en fonction de l\u2019\u00e9volution des\nconditions. Le programme doit viser : (1) \u00e0 confronter et \u00e0 restreindre le pouvoir du capital\nfinancier (tant \u00e9tranger que national), ainsi qu\u2019\u00e0 \u00e9tendre la propri\u00e9t\u00e9 publique des secteurs cl\u00e9s\nde l\u2019\u00e9conomie; (2) \u00e0 redistribuer les richesses et \u00e0 \u00e9lever le niveau et les conditions de vie de la\ngrande majorit\u00e9 de la population; et (3) \u00e0 introduire des r\u00e9formes d\u00e9mocratiques radicales pour\nrenforcer le contr\u00f4le populaire et la gestion de l\u2019\u00c9tat canadien \u00e0 tous les niveaux de\ngouvernement.<\/p>\n<p>Pour que les masses laborieuses puissent exercer un contr\u00f4le d\u00e9mocratique et\nsouverain sur l\u2019\u00e9conomie canadienne, la domination du capital financier international devra\nd\u2019abord \u00eatre contest\u00e9e puis bris\u00e9e. Les communistes proposent un programme populaire qui\nviserait \u00e0 r\u00e9duire le pouvoir de monopole par le biais de r\u00e9formes fiscales radicales, qui\naugmenteraient consid\u00e9rablement les imp\u00f4ts sur les b\u00e9n\u00e9fices des entreprises et la richesse\nindividuelle, par l\u2019\u00e9tablissement de contr\u00f4les sur les investissements, la bourse et les\nactivit\u00e9s sp\u00e9culatives, et par l\u2019\u00e9largissement des droits des travailleurs et travailleuses \u00e0\nd\u00e9cider des pratiques en mati\u00e8re de travail, de gestion et d\u2019investissement. Le programme\npopulaire impliquerait \u00e9galement d\u2019inverser la privatisation et de passer \u00e0 la nationalisation,\nainsi que de placer sous contr\u00f4le populaire d\u00e9mocratique les monopoles existants dans les\nsecteurs vitaux de l\u2019\u00e9conomie, en particulier dans le secteur financier (banques et\ninstitutions financi\u00e8res), dans le secteur de l\u2019\u00e9nergie et des ressources naturelles (extraction,\nproduction, etc.), ainsi que dans celui des transports et des communications. Des mesures\nseraient \u00e9galement n\u00e9cessaires pour obtenir le contr\u00f4le d\u00e9mocratique public sur le\ncommerce ext\u00e9rieur et pour retirer le Canada de l\u2019AL\u00c9NA 2.0 (ACEUM), de l\u2019AECG, de\nl\u2019OMC et d\u2019autres accords d\u2019investissement et blocs commerciaux injustes et favorables aux\nentreprises.<\/p>\n<p>La lutte pour la souverainet\u00e9 \u00e9conomique, politique et culturelle devra constituer un\n\u00e9l\u00e9ment essentiel de ce programme populaire. Le contr\u00f4le de la souverainet\u00e9 est essentiel pour\nassurer que la classe ouvri\u00e8re et ses alli\u00e9s puissent mener \u00e0 bien le reste du programme de\ntransformation sociale et avancer vers un Canada socialiste.<\/p>\n<p>Les mesures visant \u00e0 redistribuer la richesse et \u00e0 am\u00e9liorer le niveau et les\nconditions de vie de la grande majorit\u00e9 du peuple devraient inclure (entre autres r\u00e9formes)\nles suivantes :<\/p>\n<ul>\n<li>une r\u00e9duction substantielle de la journ\u00e9e et de la semaine de travail, sans r\u00e9duction\nde salaire ni perte de service pour le public;<\/li>\n<li>d\u2019importantes hausses des taux de salaire minimum, des pensions et d\u2019autres\navantages li\u00e9s \u00e0 l\u2019emploi pour tous les travailleurs et travailleuses \u00e0 temps plein et \u00e0\ntemps partiel;<\/li>\n<li>un programme de cr\u00e9ation d\u2019emplois de grande envergure pour remettre au travail\ndes millions de Canadiens et Canadiennes sans emploi et sous-employ\u00e9s, pour\ns\u2019assurer de r\u00e9duire substantiellement le ch\u00f4mage et que tous les travailleurs et\ntravailleuses puissent b\u00e9n\u00e9ficier des prestations d\u2019assurance-emploi pendant toute la\ndur\u00e9e du ch\u00f4mage;<\/li>\n<li>l\u2019application de lois assurant l\u2019\u00e9quit\u00e9 salariale compl\u00e8te pour les travailleuses, la\ngarantie de droits complets en mati\u00e8re de procr\u00e9ation et la fourniture de services\nuniversels et gratuits de garde d\u2019enfants et d\u2019autres services essentiels, pour que les\nfemmes puissent jouer pleinement un r\u00f4le, sur un pied d\u2019\u00e9galit\u00e9, dans tous les\naspects de la vie \u00e9conomique, politique et sociale;<\/li>\n<li>la prestation de services complets, gratuits et universellement accessibles \u00e0 tous\nles Canadiens et Canadiennes, y compris les soins de sant\u00e9, l\u2019\u00e9ducation primaire,\nsecondaire et postsecondaire, les pensions suffisantes, le logement et d\u2019autres\nservices de base; et<\/li>\n<li>l\u2019\u00e9largissement et la protection des droits des travailleurs et travailleuses \u00e0\nla syndicalisation, \u00e0 la libre n\u00e9gociation collective et au droit de gr\u00e8ve.<\/li>\n<\/ul>\n<p>Le gouvernement populaire, avec le soutien actif et la mobilisation de la classe\nouvri\u00e8re et de ses alli\u00e9s, introduirait \u00e9galement des r\u00e9formes radicales pour renforcer le\ncontr\u00f4le et la gestion par le peuple de l\u2019\u00c9tat canadien et de ses gouvernements \u00e0 tous les\nniveaux. La d\u00e9mocratisation de la vie politique et sociale devrait permettre \u00e0 la classe\nouvri\u00e8re et aux masses du peuple canadien d\u2019exercer un plus grand pouvoir politique et de\nparticiper pleinement \u00e0 la mise en \u0153uvre du programme populaire.<\/p>\n<p>Ce gouvernement populaire permettrait aussi d\u2019\u00e9tablir une nouvelle politique\n\u00e9trang\u00e8re, ind\u00e9pendante, fond\u00e9e sur la paix et le d\u00e9sarmement, et de d\u00e9velopper des\nrelations \u00e9conomiques, culturelles et diplomatiques avec tous les pays, sur la base de la\npleine \u00e9galit\u00e9 et du respect mutuel. Il retirerait le Canada de l\u2019OTAN et du NORAD\n(Commandement de la d\u00e9fense a\u00e9rospatiale de l\u2019Am\u00e9rique du Nord), s\u2019opposerait \u00e0 tous\nles pactes militaires et aux actes d\u2019agression et chercherait des solutions politiques\npacifiques aux conflits r\u00e9gionaux et internationaux. Le Canada travaillerait \u00e0 l\u2019\u00e9tablissement\nde relations \u00e9conomiques \u00e9quitables et non bas\u00e9es sur l\u2019exploitation entre tous les \u00c9tats, \u00e0\nl\u2019avancement des pays en voie de d\u00e9veloppement et \u00e0 la solidarit\u00e9 internationale avec les\npeuples du monde qui luttent pour l\u2019ind\u00e9pendance, la paix et le progr\u00e8s social. Le Canada\ns\u2019efforcerait d\u2019\u00e9liminer le contr\u00f4le imp\u00e9rialiste du Conseil de s\u00e9curit\u00e9 de l\u2019ONU.<\/p>\n<p>L\u2019\u00c9tat canadien et en particulier son appareil r\u00e9pressif, c\u2019est-\u00e0-dire l\u2019arm\u00e9e, les forces\npolici\u00e8res, les tribunaux et le syst\u00e8me carc\u00e9ral, serait plac\u00e9 sous une surveillance et un\ncontr\u00f4le v\u00e9ritablement d\u00e9mocratique, et le Service canadien du renseignement de s\u00e9curit\u00e9, la\nGRC (Gendarmerie royale du Canada) ainsi que le Centre de s\u00e9curit\u00e9 des\nt\u00e9l\u00e9communications, tous r\u00e9actionnaires et antid\u00e9mocratiques, seraient d\u00e9mantel\u00e9s. Une\nr\u00e9organisation aussi fondamentale contribuerait \u00e0 emp\u00eacher les forces de classe hostiles\nd\u2019utiliser cette partie de l\u2019appareil d\u2019\u00c9tat, pour perturber et saper les int\u00e9r\u00eats des masses\nlaborieuses et du gouvernement populaire.<\/p>\n<p>Des mesures devraient \u00e9galement \u00eatre prises pour d\u00e9mocratiser les lois et les\nstructures \u00e9lectorales, afin de garantir la tenue d\u2019\u00e9lections libres et \u00e9quitables, par l\u2019introduction\nde la repr\u00e9sentation proportionnelle, du droit de r\u00e9voquer les repr\u00e9sentants \u00e9lus et de\ndispositions visant \u00e0 mettre fin au monopole des entreprises sur les m\u00e9dias de masse.<\/p>\n<p>Le programme populaire devrait \u00e9galement inclure un appel \u00e0 la r\u00e9\u00e9criture de la\nConstitution canadienne par le biais d\u2019une assembl\u00e9e constituante. Cette nouvelle constitution\ndevrait \u00eatre soumise en vue de son approbation par les diverses composantes nationales du\nCanada. Elle devrait consacrer les droits d\u00e9mocratiques, sociaux et individuels de la personne\ndans la loi fondamentale du pays. Une nouvelle constitution doit parall\u00e8lement garantir les\nm\u00eames droits \u00e0 toutes les nations du Canada et d\u00e9clarer leur union volontaire. Les mesures\nvisant \u00e0 r\u00e9duire les in\u00e9galit\u00e9s nationales constitueront un facteur d\u00e9cisif en vue de forger l\u2019unit\u00e9\nde la classe ouvri\u00e8re et de ses alli\u00e9s \u00e0 travers le pays.<\/p>\n<p>\u2022 \u2022 \u2022 \u2022 \u2022<\/p>\n<p>De telles mesures ne sauraient constituer le socialisme, toutefois la victoire d\u2019un\ngouvernement populaire consacr\u00e9 \u00e0 la mise en \u0153uvre d\u2019un programme aussi ambitieux\nmarquerait une \u00e9tape importante dans la lutte pour un changement fondamental et une\ntransformation socialiste.<\/p>\n<p>Pour r\u00e9ussir, un gouvernement populaire devra pouvoir compter sur la mobilisation\ng\u00e9n\u00e9rale et consciente de la classe ouvri\u00e8re de m\u00eame que de ses alli\u00e9s extraparlementaires.\n\u00c0 chaque r\u00e9forme importante adopt\u00e9e, \u00e0 chaque mesure d\u00e9mocratique obtenue, \u00e0 chaque\nempi\u00e8tement sur le pouvoir et les privil\u00e8ges du capital, la classe dirigeante et ses partenaires\ninternationaux imp\u00e9rialistes auraient pour effet de renforcer leur r\u00e9sistance par tous les\nmoyens \u00e0 leur disposition. Mais de telles mesures peuvent contribuer, du m\u00eame coup, \u00e0\ngalvaniser les masses et \u00e0 promouvoir des actions de la classe ouvri\u00e8re en soutien au\ngouvernement populaire.<\/p>\n<p>Cette p\u00e9riode en sera une d\u2019intensification de la lutte de classes sur tous les\nfronts : politique, \u00e9conomique et id\u00e9ologique.<\/p>\n<p>La mise en \u0153uvre r\u00e9ussie du programme populaire et le rythme auquel il sera ex\u00e9cut\u00e9\nd\u00e9pendront de l\u2019unit\u00e9 et du militantisme de la classe ouvri\u00e8re et de son avant-garde\n\nr\u00e9volutionnaire, ainsi que de l\u2019unit\u00e9 durable de l\u2019alliance d\u00e9mocratique, antimonopoliste et anti-\nimp\u00e9rialiste dans son ensemble. Les conditions r\u00e9gionales et internationales dominantes\n\ndevront exercer \u00e9galement une influence sur le rythme des transformations sociales.<\/p>\n<p>Tout au long de ce processus, la classe ouvri\u00e8re et les forces populaires devront se\nmobiliser socialement et politiquement pour soutenir et mettre en \u0153uvre le programme du\ngouvernement populaire, par des luttes \u00e9lectorales et sur les lieux de travail, des\nmanifestations de rue et d\u2019autres actions. Simultan\u00e9ment, la classe dirigeante se sentant\nmenac\u00e9e tentera d\u2019\u00e9branler la confiance et l\u2019unit\u00e9 des forces populaires, ainsi que d\u2019entraver\nleur capacit\u00e9 de mener \u00e0 bien le programme populaire.<\/p>\n<p>Pour pr\u00e9server ses privil\u00e8ges de classe et r\u00e9tablir sa supr\u00e9matie, la classe capitaliste\ntendra \u00e0 recourir au chantage \u00e9conomique et au sabotage, \u00e0 la subversion de l\u2019int\u00e9rieur dans\nles secteurs de l\u2019appareil d\u2019\u00c9tat sur lesquels elle continue d\u2019exercer une influence et un\ncontr\u00f4le, \u00e0 la violence politique et au terrorisme, voire \u00e0 la r\u00e9bellion ouverte et \u00e0 l\u2019intervention\n\u00e9trang\u00e8re. Le gouvernement populaire, gr\u00e2ce au soutien inconditionnel de la classe ouvri\u00e8re,\nsera tout \u00e0 fait en droit de contrer de telles attaques antid\u00e9mocratiques et ill\u00e9gales contre le\npouvoir populaire.<\/p>\n<p>La classe ouvri\u00e8re, agissant de concert avec ses alli\u00e9s, indirectement par son\ngouvernement \u00e9lu, mais aussi, plus directement, sur les lieux de production dans les usines\net les bureaux, de m\u00eame qu\u2019au sein des communaut\u00e9s, devra \u00e9largir et approfondir\nprogressivement le contenu de ce programme populaire. Des r\u00e9formes plus radicales\ndevront \u00eatre mises en \u0153uvre, pour r\u00e9duire le pouvoir du capital au moyen de mesures\nprogressistes telles que la nationalisation d\u2019entreprises ou le contr\u00f4le des investissements\net des devises.<\/p>\n<p>Au fur et \u00e0 mesure que la classe ouvri\u00e8re et ses forces politiques gagneront en\nexp\u00e9rience et en confiance, et que les changements sociaux et \u00e9conomiques modifieront\nprogressivement l\u2019\u00e9quilibre des forces de classes au sein de la soci\u00e9t\u00e9, des conditions\nr\u00e9volutionnaires s\u2019\u00e9tabliront. L\u2019option socialiste avanc\u00e9e par le Parti communiste recueillera\nalors un large soutien.<\/p>\n<p>La transformation r\u00e9volutionnaire vers le socialisme marquera le transfert absolu du\npouvoir de la classe capitaliste \u00e0 la classe ouvri\u00e8re et \u00e0 ses alli\u00e9s. Ce processus devra subir\nl\u2019influence \u00e0 la fois des conditions et des \u00e9v\u00e8nements nationaux et internationaux. Le rythme et\nles caract\u00e9ristiques de cette transformation d\u00e9pendront de l\u2019unit\u00e9 et de la d\u00e9termination de la\nclasse ouvri\u00e8re et de ses alli\u00e9s les plus proches aux moments d\u00e9cisifs, ainsi que de la capacit\u00e9\n\ndes forces progressistes et r\u00e9volutionnaires \u00e0 contrecarrer et \u00e0 limiter les activit\u00e9s contre-\nr\u00e9volutionnaires qui violent la d\u00e9mocratie et la primaut\u00e9 du droit.<\/p>\n<p>Chapitre suivant :\u00a0<a title=\"Chapter 7:  BUILDING SOCIALISM\" href=\"https:\/\/communist-party.ca\/fr\/?page_id=27\">La construction du socialisme<\/a><\/p>\n<p>Chapitre pr\u00e9c\u00e9dent :\u00a0<a title=\"Chapter 5:  THE WORKING CLASS AND PEOPLE\u2019S STRUGGLE\" href=\"https:\/\/communist-party.ca\/fr\/?page_id=23\">La lutte de la classe ouvri\u00e8re et du peuple<\/a><\/p>","protected":false},"excerpt":{"rendered":"<p>A democratic, anti-monopoly, anti-imperialist alliance will have as its objective the democratic restructuring of Canadian society so that the interests of the majority of Canadians come first, and the stranglehold of finance capital on every aspect of life is broken. It will seek to advance the working people\u2019s interests through all available avenues of struggle,&#8230;<\/p>","protected":false},"author":1,"featured_media":0,"parent":0,"menu_order":0,"comment_status":"closed","ping_status":"closed","template":"","meta":{"give_campaign_id":0,"_kadence_starter_templates_imported_post":false,"_kad_post_transparent":"","_kad_post_title":"","_kad_post_layout":"","_kad_post_sidebar_id":"","_kad_post_content_style":"","_kad_post_vertical_padding":"","_kad_post_feature":"","_kad_post_feature_position":"","_kad_post_header":false,"_kad_post_footer":false,"footnotes":""},"class_list":["post-25","page","type-page","status-publish","hentry"],"campaignId":"","_links":{"self":[{"href":"https:\/\/communist-party.ca\/fr\/wp-json\/wp\/v2\/pages\/25","targetHints":{"allow":["GET"]}}],"collection":[{"href":"https:\/\/communist-party.ca\/fr\/wp-json\/wp\/v2\/pages"}],"about":[{"href":"https:\/\/communist-party.ca\/fr\/wp-json\/wp\/v2\/types\/page"}],"author":[{"embeddable":true,"href":"https:\/\/communist-party.ca\/fr\/wp-json\/wp\/v2\/users\/1"}],"replies":[{"embeddable":true,"href":"https:\/\/communist-party.ca\/fr\/wp-json\/wp\/v2\/comments?post=25"}],"version-history":[{"count":9,"href":"https:\/\/communist-party.ca\/fr\/wp-json\/wp\/v2\/pages\/25\/revisions"}],"predecessor-version":[{"id":6448,"href":"https:\/\/communist-party.ca\/fr\/wp-json\/wp\/v2\/pages\/25\/revisions\/6448"}],"wp:attachment":[{"href":"https:\/\/communist-party.ca\/fr\/wp-json\/wp\/v2\/media?parent=25"}],"curies":[{"name":"wp","href":"https:\/\/api.w.org\/{rel}","templated":true}]}}