{"id":11,"date":"2014-02-26T17:43:32","date_gmt":"2014-02-26T22:43:32","guid":{"rendered":"https:\/\/communist-party.ca\/?page_id=11"},"modified":"2025-07-10T09:59:03","modified_gmt":"2025-07-10T13:59:03","slug":"chapter-1-our-aim-is-socialism","status":"publish","type":"page","link":"https:\/\/communist-party.ca\/fr\/chapter-1-our-aim-is-socialism\/","title":{"rendered":"Chapitre 1 : Notre but est le socialisme"},"content":{"rendered":"<p><span style=\"font-weight: 400;\">Au fil des si\u00e8cles, les masses laborieuses ont toujours r\u00eav\u00e9 d\u2019un monde de libert\u00e9 et d\u2019\u00e9galit\u00e9, ainsi que de la fin de l\u2019exploitation et de la mis\u00e8re. Tout au long du XXe si\u00e8cle, des millions de personnes \u00e0 travers le monde se sont ralli\u00e9es \u00e0 la cause du socialisme. Aujourd\u2019hui, les grandes entreprises et leurs d\u00e9fenseurs soutiennent que le socialisme est mort, que le d\u00e9veloppement humain est achev\u00e9 et que le capitalisme durera \u00e9ternellement.<\/span><\/p>\n<p><span style=\"font-weight: 400;\">En r\u00e9alit\u00e9, c\u2019est le syst\u00e8me capitaliste, fond\u00e9 sur la propri\u00e9t\u00e9 priv\u00e9e des moyens de production, qui n\u2019a plus d\u2019avenir. Ayant d\u00e9pass\u00e9 la p\u00e9riode o\u00f9 il \u00e9tait utile, il est aujourd\u2019hui incapable de r\u00e9pondre aux besoins et aux aspirations des peuples du monde.<\/span><\/p>\n<p><span style=\"font-weight: 400;\">Du fait de sa nature m\u00eame, le capitalisme g\u00e9n\u00e8re et intensifie le ch\u00f4mage de masse et la pauvret\u00e9, le chauvinisme national ainsi que la marginalisation, le racisme, l\u2019in\u00e9galit\u00e9 et l\u2019oppression entre les sexes, la destruction de l\u2019environnement, la guerre et la r\u00e9action.<\/span><\/p>\n<p><span style=\"font-weight: 400;\">Sous le capitalisme, les pratiques et les institutions d\u00e9mocratiques sont vid\u00e9es <\/span><span style=\"font-weight: 400;\">de la majorit\u00e9 <\/span><span style=\"font-weight: 400;\">de leurs caract\u00e9ristiques r\u00e9elles. La \u00ab d\u00e9mocratie \u00bb capitaliste assure \u00e0 la classe capitaliste le droit de dominer l\u2019\u00e9conomie et la soci\u00e9t\u00e9, et d\u2019exploiter le peuple.<\/span><\/p>\n<p><span style=\"font-weight: 400;\">La mondialisation capitaliste, dirig\u00e9e par l\u2019imp\u00e9rialisme des \u00c9tats-Unis avec l\u2019appui total de la classe dirigeante imp\u00e9rialiste du Canada, menace les derniers vestiges de souverainet\u00e9 et d\u2019ind\u00e9pendance du pays, \u00e0 savoir : le droit et la capacit\u00e9 du peuple canadien de d\u00e9terminer son propre destin. Les accords multilat\u00e9raux sur l\u2019investissement et le commerce minent le droit d\u00e9mocratique du peuple canadien d\u2019\u00e9tablir des politiques et de d\u00e9terminer sa propre voie de d\u00e9veloppement.<\/span><\/p>\n<p><span style=\"font-weight: 400;\">Bien que le capitalisme au Canada et partout dans le monde soit aujourd\u2019hui un syst\u00e8me en crise et en d\u00e9cadence, il porte en lui n\u00e9anmoins son contraire : le socialisme.<\/span><\/p>\n<p><span style=\"font-weight: 400;\">The first heroic wave of the working class movement against capitalism, the Paris Commune of 1871, was crushed by brute force. The next major wave began with the Russian Revolution of October 1917, when the vast majority, the workers and their allies, took and held state power for the first time in human history. The victories of socialism, particularly in the USSR, China, and Cuba, inspired workers and peoples around the world in their struggles for liberation.\u00a0 Much of this wave however was rolled back by the combined economic and military might of imperialism and the socialist countries\u2019 own serious defects.<\/span><\/p>\n<p><span style=\"font-weight: 400;\">Le socialisme demeure la prochaine \u00e9tape incontournable dans le d\u00e9veloppement historique de notre pays. Seul le socialisme fait des besoins et des aspirations du peuple sa plus haute priorit\u00e9. Seul le socialisme peut faire passer les gens avant le profit. Et seul le socialisme sera capable d\u2019utiliser les bienfaits de la r\u00e9volution scientifique et technique pour le bien-\u00eatre de tous les Canadiens et Canadiennes plut\u00f4t que d\u2019enrichir un petit nombre d\u2019individus et pour faire la guerre. Le socialisme est la seule alternative, il n\u2019y a pas de \u00ab troisi\u00e8me voie \u00bb.<\/span><\/p>\n<p><span style=\"font-weight: 400;\">La r\u00e9alisation du socialisme, <\/span><span style=\"font-weight: 400;\">fond\u00e9e sur le pouvoir de la classe ouvri\u00e8re au Canada et \u00e0 l\u2019\u00e9chelle internationale, <\/span><span style=\"font-weight: 400;\">devra constituer une \u00e9tape cruciale vers une v\u00e9ritable d\u00e9mocratie, c\u2019est-\u00e0-dire le gouvernement du peuple, par le peuple et pour le peuple.<\/span><\/p>\n<p><span style=\"font-weight: 400;\">Dans un Canada socialiste, les principaux moyens de production et de distribution de la richesse devront appartenir collectivement \u00e0 la soci\u00e9t\u00e9 dans son ensemble. L\u2019exploitation de la force de travail sera abolie. La d\u00e9gradation \u00e9cologique sera invers\u00e9e et une approche planifi\u00e9e en mati\u00e8re de relations entre la vie humaine et l\u2019environnement sera mise en \u0153uvre. La mis\u00e8re, la pauvret\u00e9, l\u2019ins\u00e9curit\u00e9 et la discrimination, caus\u00e9es par l\u2019exploitation capitaliste, seront \u00e9limin\u00e9es. Le socialisme pourra enfin \u00e9tablir une nouvelle soci\u00e9t\u00e9 fond\u00e9e sur la solidarit\u00e9, l\u2019\u00e9galit\u00e9 et l\u2019\u00e9mancipation.<\/span><\/p>\n<p>Au fur et \u00e0 mesure de son \u00e9volution, le socialisme fournira la v\u00e9ritable base n\u00e9cessaire au communisme, c\u2019est-\u00e0-dire une soci\u00e9t\u00e9 sans classes dans laquelle, pour la premi\u00e8re fois dans l\u2019Histoire, le libre et complet d\u00e9veloppement de chacun serait la condition de d\u00e9veloppement de tous.<\/p>\n<p>Le but du Parti communiste est d\u2019abord d\u2019\u00e9tablir une soci\u00e9t\u00e9 socialiste et, ult\u00e9rieurement, une soci\u00e9t\u00e9 communiste au Canada. Le Parti soutient la victoire du socialisme partout dans le monde.<\/p>\n<p>Chapitre suivant :\u00a0<a title=\"Chapter 2: CAPITALISM IN CANADA\" href=\"https:\/\/communist-party.ca\/fr\/?page_id=13\">Le capitalisme au Canada<\/a><\/p>","protected":false},"excerpt":{"rendered":"<p>Down through the ages, working people have dreamed of a world of freedom and equality, an end to exploitation and misery. Throughout the twentieth century, millions of people around the world rallied to the cause of socialism. Today, big business and its boosters maintain that socialism is finished, that human development has ended, and that&#8230;<\/p>","protected":false},"author":1,"featured_media":0,"parent":0,"menu_order":0,"comment_status":"closed","ping_status":"closed","template":"","meta":{"give_campaign_id":0,"_kadence_starter_templates_imported_post":false,"_kad_post_transparent":"","_kad_post_title":"","_kad_post_layout":"","_kad_post_sidebar_id":"","_kad_post_content_style":"","_kad_post_vertical_padding":"","_kad_post_feature":"","_kad_post_feature_position":"","_kad_post_header":false,"_kad_post_footer":false,"footnotes":""},"class_list":["post-11","page","type-page","status-publish","hentry"],"campaignId":"","_links":{"self":[{"href":"https:\/\/communist-party.ca\/fr\/wp-json\/wp\/v2\/pages\/11","targetHints":{"allow":["GET"]}}],"collection":[{"href":"https:\/\/communist-party.ca\/fr\/wp-json\/wp\/v2\/pages"}],"about":[{"href":"https:\/\/communist-party.ca\/fr\/wp-json\/wp\/v2\/types\/page"}],"author":[{"embeddable":true,"href":"https:\/\/communist-party.ca\/fr\/wp-json\/wp\/v2\/users\/1"}],"replies":[{"embeddable":true,"href":"https:\/\/communist-party.ca\/fr\/wp-json\/wp\/v2\/comments?post=11"}],"version-history":[{"count":7,"href":"https:\/\/communist-party.ca\/fr\/wp-json\/wp\/v2\/pages\/11\/revisions"}],"predecessor-version":[{"id":6428,"href":"https:\/\/communist-party.ca\/fr\/wp-json\/wp\/v2\/pages\/11\/revisions\/6428"}],"wp:attachment":[{"href":"https:\/\/communist-party.ca\/fr\/wp-json\/wp\/v2\/media?parent=11"}],"curies":[{"name":"wp","href":"https:\/\/api.w.org\/{rel}","templated":true}]}}